{"id":337,"date":"2026-05-09T10:58:35","date_gmt":"2026-05-09T08:58:35","guid":{"rendered":"https:\/\/acooudon.fr\/wordpress\/?page_id=337"},"modified":"2026-05-09T21:00:21","modified_gmt":"2026-05-09T19:00:21","slug":"inscriptions-reinscriptions","status":"publish","type":"page","link":"https:\/\/acooudon.fr\/wordpress\/inscriptions-reinscriptions\/","title":{"rendered":"Inscriptions \/ R\u00e9inscriptions"},"content":{"rendered":"\n<blockquote class=\"wp-block-quote is-layout-flow wp-block-quote-is-layout-flow\">\n<p class=\"has-text-align-center\"><strong><mark style=\"background-color:rgba(0, 0, 0, 0);color:#e45203\" class=\"has-inline-color\">Fort de notre succ\u00e8s, les inscriptions sont actuellement gel\u00e9es jusqu&rsquo;au plus tard septembre 2026 en fonction des retours de badges.&nbsp;<\/mark><\/strong><\/p>\n<\/blockquote>\n\n\n\n<details class=\"wp-block-details is-layout-flow wp-block-details-is-layout-flow\"><summary>R\u00e8gles li\u00e9es \u00e0 l&rsquo;inscription<\/summary>\n<p>Chaque adh\u00e9rent ou candidat \u00e0 l\u2019adh\u00e9sion \u00e0 l&rsquo;A.C.O. :<\/p>\n\n\n\n<ul class=\"wp-block-list\">\n<li><p style=\"text-align:justify;\">Doit s&rsquo;assurer d&rsquo;une condition physique compatible avec la pratique du fitness, musculation et cardio-training en salle.<\/p><\/li>\n\n\n\n<li><p style=\"text-align:justify;\">Doit \u00eatre couvert contre les dommages physiques ou mat\u00e9riels sur lui et\/ou un tiers.<\/p><\/li>\n\n\n\n<li>Doit \u00eatre majeur (minimum 18 ans)<\/li>\n\n\n\n<li>Doit s\u2019acquitter de sa cotisation<\/li>\n\n\n\n<li><p style=\"text-align:justify;\">Accepte et s&rsquo;engage \u00e0 respecter les <a href=\"https:\/\/acooudon.fr\/wordpress\/wp-content\/uploads\/2026\/02\/Statuts_ACO.pdf\" data-type=\"attachment\" data-id=\"124\">statuts <\/a>et le r\u00e8glement int\u00e9rieur de l&rsquo;association.<\/p><\/li>\n<\/ul>\n\n\n\n<ul class=\"wp-block-list\">\n<li>Doit fournir les documents suivants lors de son inscription:\n<ul class=\"wp-block-list\">\n<li><p style=\"text-align:justify;\">une photo \u00ab\u00a0type\u00a0\u00bb d&rsquo;identit\u00e9, (\u00e0 renouveler tous les 3 ans)<\/p><\/li>\n\n\n\n<li><p style=\"text-align:justify;\">une attestation d&rsquo;Assurance Responsabilit\u00e9 Civile du domicile \u00e0 son nom (\u00e0 renouveler tous les ans)<\/p><\/li>\n\n\n\n<li><p style=\"text-align:justify;\">un certificat m\u00e9dical (\u00e0 renouveler tous les ans) &#8211;&gt; voir <a href=\"https:\/\/acooudon.fr\/wordpress\/wp-content\/uploads\/2026\/02\/Modele_certificat_medical.pdf\"><strong>Mod\u00e8le<\/strong><\/a> imprimable.<\/p><\/li>\n<\/ul>\n<\/li>\n<\/ul>\n<\/details>\n\n\n\n<details class=\"wp-block-details is-layout-flow wp-block-details-is-layout-flow\"><summary>Prix de la cotisation<\/summary>\n<p>Dans le cas d&rsquo;une nouvelle inscription:<\/p>\n\n\n\n<ul class=\"wp-block-list\">\n<li>La cotisation est de 65\u20ac + 10\u20ac de frais administratifs  pour les r\u00e9sidents Oudonnais<\/li>\n\n\n\n<li>La cotisation est de 80\u20ac + 10\u20ac pour frais administratifs pour les r\u00e9sidents non Oudonnais<\/li>\n<\/ul>\n\n\n\n<p>Dans le cas d&rsquo;un renouvellement:<\/p>\n\n\n\n<ul class=\"wp-block-list\">\n<li>La cotisation est de 65 \u20ac pour les r\u00e9sidents Oudonnais<\/li>\n\n\n\n<li>La cotisation est de 80\u20ac pour les r\u00e9sidents non Oudonnais<\/li>\n<\/ul>\n\n\n\n<p style=\"text-align:justify;\">Le montant de la cotisation est r\u00e9visable chaque ann\u00e9e par le Conseil d\u2019Administration et communiqu\u00e9 lors de l&rsquo;Assembl\u00e9e G\u00e9n\u00e9rale.<\/p>\n<\/details>\n\n\n\n\n\n\n\n<details class=\"wp-block-details is-layout-flow wp-block-details-is-layout-flow\"><summary>Demande de renouvellement<\/summary><p><script src=\"\/\/ajax.googleapis.com\/ajax\/libs\/jquery\/1.10.2\/jquery.min.js\" type=\"text\/javascript\"><\/script><\/p>\n<div id=\"res_assoform2\"><\/div>\n<p><script src=\"https:\/\/monassoacooudon.assoclub.fr\/assoscript\/monassoacooudon\/formulaire_dynamique\/form2.js\"><\/script><\/p>\n<\/details>\n","protected":false},"excerpt":{"rendered":"<p>Fort de notre succ\u00e8s, les inscriptions sont actuellement gel\u00e9es jusqu&rsquo;au plus tard septembre 2026 en fonction des retours de badges.&nbsp;<\/p>\n","protected":false},"author":1,"featured_media":274,"parent":0,"menu_order":0,"comment_status":"closed","ping_status":"closed","template":"","meta":{"footnotes":""},"class_list":["post-337","page","type-page","status-publish","has-post-thumbnail","hentry"],"_links":{"self":[{"href":"https:\/\/acooudon.fr\/wordpress\/wp-json\/wp\/v2\/pages\/337","targetHints":{"allow":["GET"]}}],"collection":[{"href":"https:\/\/acooudon.fr\/wordpress\/wp-json\/wp\/v2\/pages"}],"about":[{"href":"https:\/\/acooudon.fr\/wordpress\/wp-json\/wp\/v2\/types\/page"}],"author":[{"embeddable":true,"href":"https:\/\/acooudon.fr\/wordpress\/wp-json\/wp\/v2\/users\/1"}],"replies":[{"embeddable":true,"href":"https:\/\/acooudon.fr\/wordpress\/wp-json\/wp\/v2\/comments?post=337"}],"version-history":[{"count":22,"href":"https:\/\/acooudon.fr\/wordpress\/wp-json\/wp\/v2\/pages\/337\/revisions"}],"predecessor-version":[{"id":375,"href":"https:\/\/acooudon.fr\/wordpress\/wp-json\/wp\/v2\/pages\/337\/revisions\/375"}],"wp:featuredmedia":[{"embeddable":true,"href":"https:\/\/acooudon.fr\/wordpress\/wp-json\/wp\/v2\/media\/274"}],"wp:attachment":[{"href":"https:\/\/acooudon.fr\/wordpress\/wp-json\/wp\/v2\/media?parent=337"}],"curies":[{"name":"wp","href":"https:\/\/api.w.org\/{rel}","templated":true}]}}