{"id":218,"date":"2026-03-16T21:23:09","date_gmt":"2026-03-16T20:23:09","guid":{"rendered":"https:\/\/acooudon.fr\/wordpress\/?page_id=218"},"modified":"2026-05-09T21:16:31","modified_gmt":"2026-05-09T19:16:31","slug":"questions-pratiques","status":"publish","type":"page","link":"https:\/\/acooudon.fr\/wordpress\/questions-pratiques\/","title":{"rendered":"Questions pratiques"},"content":{"rendered":"\n<details class=\"wp-block-details is-layout-flow wp-block-details-is-layout-flow\"><summary>Je veux m&rsquo;inscrire pour la premi\u00e8re fois<\/summary>\n<ul class=\"wp-block-list\">\n<li>Je me rends sur la page d&rsquo;inscription <a href=\"https:\/\/acooudon.fr\/wordpress\/inscriptions-reinscription\/\" data-type=\"page\" data-id=\"13\">Inscriptions \/ R\u00e9inscriptions<\/a><\/li>\n\n\n\n<li>Je v\u00e9rifie que je r\u00e9ponds \u00e0 l&rsquo;ensemble des crit\u00e8res demand\u00e9s<\/li>\n\n\n\n<li>Si oui, et si les inscriptions sont ouvertes, je saisis mon dossier en ligne<\/li>\n<\/ul>\n<\/details>\n\n\n\n<details class=\"wp-block-details is-layout-flow wp-block-details-is-layout-flow\"><summary>Je veux me r\u00e9inscrire<\/summary>\n<p>Environ 1 mois avant le renouvellement de votre adh\u00e9sion, l&rsquo;A.C.O. vous envoie un e-mail pour connaitre votre choix. Si vous d\u00e9sirez renouveler votre adh\u00e9sion:<\/p>\n\n\n\n<ul class=\"wp-block-list\">\n<li>je confirme mon souhait de renouveler mon adh\u00e9sion en r\u00e9pondant au mail re\u00e7u \u00e0 ce sujet<\/li>\n\n\n\n<li>je prends de suite rendez-vous avec votre m\u00e9decin traitant pour l&rsquo;obtention d&rsquo;un nouveau <a href=\"https:\/\/acooudon.fr\/wordpress\/wp-content\/uploads\/2026\/02\/Modele_certificat_medical.pdf\" data-type=\"attachment\" data-id=\"125\">certificat m\u00e9dical<\/a>.<\/li>\n\n\n\n<li>je lis les conditions d\u00e9taill\u00e9es et je fais la demande de renouvellement en ligne en y d\u00e9posant les justificatifs demand\u00e9s via la page <a href=\"https:\/\/acooudon.fr\/wordpress\/inscriptions-reinscription\/\" data-type=\"page\" data-id=\"13\">Inscriptions \/ R\u00e9inscriptions<\/a><\/li>\n\n\n\n<li>J&rsquo;effectue mon r\u00e8glement via virement bancaire \u00e0 l&rsquo;association <\/li>\n<\/ul>\n\n\n\n<p><\/p>\n<\/details>\n\n\n\n<details class=\"wp-block-details is-layout-flow wp-block-details-is-layout-flow\"><summary>J&rsquo;ai perdu mon badge<\/summary>\n<p>En cas de perte de votre badge, <a href=\"https:\/\/acooudon.fr\/wordpress\/nous_contacter\/\" data-type=\"page\" data-id=\"2\">contactez l&rsquo;A.C.O.<\/a> via mail afin que nous puissions prendre contact avec vous pour bloquer ce dernier et vous en fournir un nouveau moyennant la somme de 10\u20ac.<\/p>\n<\/details>\n\n\n\n<details class=\"wp-block-details is-layout-flow wp-block-details-is-layout-flow\"><summary>Mon badge ne veut plus d\u00e9verrouiller la porte de la salle<\/summary>\n<ul class=\"wp-block-list\">\n<li>Est ce que ma cotisation, mon attestation d&rsquo;assurance Responsabilit\u00e9 Civile, mon Certificat m\u00e9dical sont \u00e0 jour ?<\/li>\n<\/ul>\n\n\n\n<ul class=\"wp-block-list\">\n<li>Si ce n&rsquo;est pas le cas, il convient de r\u00e9gulariser mon dossier dans les meilleurs d\u00e9lais via l&rsquo;item pr\u00e9c\u00e9dent.<\/li>\n<\/ul>\n\n\n\n<ul class=\"wp-block-list\">\n<li>Si mon dossier est \u00e0 jour, <a href=\"https:\/\/acooudon.fr\/wordpress\/nous_contacter\/\" data-type=\"page\" data-id=\"2\">contactez l&rsquo;A.C.O.<\/a> par <strong>e-mail<\/strong>.<\/li>\n<\/ul>\n<\/details>\n\n\n\n<details class=\"wp-block-details is-layout-flow wp-block-details-is-layout-flow\"><summary>O\u00f9 dois-je rendre mon badge en cas de d\u00e9sinscription?<\/summary>\n<p>Votre badge doit \u00eatre rendu soit: <\/p>\n\n\n\n<ul class=\"wp-block-list\">\n<li>en main propre \u00e0 la pharmacie d&rsquo;Oudon (par Emmanuel LAQUEUILLE) <\/li>\n\n\n\n<li>dans la boite \u00e0 lettres dans la salle<\/li>\n<\/ul>\n<\/details>\n\n\n\n<details class=\"wp-block-details is-layout-flow wp-block-details-is-layout-flow\"><summary>Qui peut acc\u00e9der \u00e0 la salle ? <\/summary>\n<p>La salle est priv\u00e9e. Seul les membres disposants d&rsquo;un badge et \u00e0 jour de leur cotisation sont autoris\u00e9s \u00e0 rentrer. <\/p>\n\n\n\n<p>Ce badge ne peut en aucun cas \u00eatre pr\u00eat\u00e9 ou permettre \u00e0 plusieurs personnes de p\u00e9n\u00e9trer dans la salle.<\/p>\n<\/details>\n\n\n\n<details class=\"wp-block-details is-layout-flow wp-block-details-is-layout-flow\"><summary>Quel est la plage horaire autoris\u00e9e pour la salle ?<\/summary>\n<p>La salle est ouverte toute l&rsquo;ann\u00e9e, de 6h \u00e0 22h.<\/p>\n<\/details>\n\n\n\n<details class=\"wp-block-details is-layout-flow wp-block-details-is-layout-flow\"><summary>Quel est le prix de la cotisation ? <\/summary>\n<p>Le prix de la cotisation diff\u00e8re si vous \u00eates d&rsquo;Oudon ou d&rsquo;une commune voisine. Le prix est disponible via la page <a href=\"https:\/\/acooudon.fr\/wordpress\/inscriptions-reinscription\/\" data-type=\"page\" data-id=\"13\">Inscriptions \/ R\u00e9inscriptions<\/a><\/p>\n<\/details>\n\n\n\n<details class=\"wp-block-details is-layout-flow wp-block-details-is-layout-flow\"><summary>Je souhaite quitter l&rsquo;A.C.O<\/summary>\n<ul class=\"wp-block-list\">\n<li>Environ 1 mois avant le renouvellement de votre adh\u00e9sion l&rsquo;A.C.O. vous envoi un e-mail . Si vous ne souhaitez pas continuer avec nous, il vous suffit de r\u00e9pondre \u00e0 ce e-mail et rendre son BADGE, au plus tard \u00e0 la fin de votre p\u00e9riode de cotisation.<\/li>\n<\/ul>\n\n\n\n<ul class=\"wp-block-list\">\n<li>Si vous souhaitez quitter l&rsquo;A.C.O. en cours d&rsquo;adh\u00e9sion, <a href=\"https:\/\/acooudon.fr\/wordpress\/nous_contacter\/\" data-type=\"page\" data-id=\"2\">contactez l&rsquo;A.C.O.<\/a> par <strong>e-mail<\/strong>.<\/li>\n<\/ul>\n<\/details>\n","protected":false},"excerpt":{"rendered":"","protected":false},"author":1,"featured_media":272,"parent":0,"menu_order":0,"comment_status":"closed","ping_status":"closed","template":"","meta":{"footnotes":""},"class_list":["post-218","page","type-page","status-publish","has-post-thumbnail","hentry"],"_links":{"self":[{"href":"https:\/\/acooudon.fr\/wordpress\/wp-json\/wp\/v2\/pages\/218","targetHints":{"allow":["GET"]}}],"collection":[{"href":"https:\/\/acooudon.fr\/wordpress\/wp-json\/wp\/v2\/pages"}],"about":[{"href":"https:\/\/acooudon.fr\/wordpress\/wp-json\/wp\/v2\/types\/page"}],"author":[{"embeddable":true,"href":"https:\/\/acooudon.fr\/wordpress\/wp-json\/wp\/v2\/users\/1"}],"replies":[{"embeddable":true,"href":"https:\/\/acooudon.fr\/wordpress\/wp-json\/wp\/v2\/comments?post=218"}],"version-history":[{"count":14,"href":"https:\/\/acooudon.fr\/wordpress\/wp-json\/wp\/v2\/pages\/218\/revisions"}],"predecessor-version":[{"id":377,"href":"https:\/\/acooudon.fr\/wordpress\/wp-json\/wp\/v2\/pages\/218\/revisions\/377"}],"wp:featuredmedia":[{"embeddable":true,"href":"https:\/\/acooudon.fr\/wordpress\/wp-json\/wp\/v2\/media\/272"}],"wp:attachment":[{"href":"https:\/\/acooudon.fr\/wordpress\/wp-json\/wp\/v2\/media?parent=218"}],"curies":[{"name":"wp","href":"https:\/\/api.w.org\/{rel}","templated":true}]}}