{"id":110,"date":"2026-02-20T10:43:52","date_gmt":"2026-02-20T09:43:52","guid":{"rendered":"https:\/\/acooudon.fr\/wordpress\/notre-fonctionnement\/"},"modified":"2026-05-09T19:43:49","modified_gmt":"2026-05-09T17:43:49","slug":"notre-fonctionnement","status":"publish","type":"page","link":"https:\/\/acooudon.fr\/wordpress\/notre-fonctionnement\/","title":{"rendered":"L&rsquo; Association"},"content":{"rendered":"\n<p><\/p>\n\n\n\n<p style=\"text-align:justify;\">Situ\u00e9 \u00e0 Oudon, l\u2019A.C.O. pour \u00ab\u00a0Athletic Club Oudon\u00a0\u00bb, est une association r\u00e9gie par la loi de 1901, g\u00e9r\u00e9e par un Conseil d&rsquo;Administration. (pr\u00e9sident, tr\u00e9sorier, secr\u00e9taire et membres actifs). (<a href=\"https:\/\/acooudon.fr\/wordpress\/wp-content\/uploads\/2026\/02\/Statuts_ACO.pdf\" target=\"_blank\" rel=\"noreferrer noopener\">Statuts de l&rsquo;ACO<\/a>)<\/p>\n\n\n\n<p style=\"text-align:justify;\">Les d\u00e9cisions sont prises dans l\u2019int\u00e9r\u00eat des adh\u00e9rents et de leurs souhaits. L\u2019objectif est simple : proposer un service de qualit\u00e9 tout en maintenant une ambiance conviviale avec le respect du r\u00e8glement int\u00e9rieur.<\/p>\n\n\n\n<p>Loi du 01\/07\/1901, art 5<br>D\u00e9cret du 16\/08\/1901, art2<br>SIREN\/SIRET444001457<br>Si\u00e8ge social : 44521 OUDON<br>backup.acooudon@gmail.com &#8211; https:\/\/acooudon.fr<\/p>\n\n\n\n<p><\/p>\n\n\n\n<p style=\"text-align:justify;\">Cr\u00e9\u00e9e fin 1986 en tant que section de l\u2019A.S. OUDON, l\u2019A.C.O. prend son autonomie en Novembre 2001.<\/p>\n\n\n\n<p style=\"text-align:justify;\">Elle comprend aujourd\u2019hui environ 220 adh\u00e9rents d&rsquo;Oudon et des communes environnantes.<\/p>\n\n\n\n<p style=\"text-align:justify;\">Son but initial, et confirm\u00e9 depuis, \u00e9tait de mettre \u00e0 disposition des adh\u00e9rents du mat\u00e9riel de musculation et de cardio-training de qualit\u00e9 dans un local d\u00e9di\u00e9.<\/p>\n","protected":false},"excerpt":{"rendered":"<p>Situ\u00e9 \u00e0 Oudon, l\u2019A.C.O. pour \u00ab\u00a0Athletic Club Oudon\u00a0\u00bb, est une association r\u00e9gie par la loi de 1901, g\u00e9r\u00e9e par un Conseil d&rsquo;Administration. (pr\u00e9sident, tr\u00e9sorier, secr\u00e9taire et membres actifs). (Statuts de l&rsquo;ACO) Les d\u00e9cisions sont prises dans l\u2019int\u00e9r\u00eat des adh\u00e9rents et de leurs souhaits. L\u2019objectif est simple : proposer un service de qualit\u00e9 tout en maintenant [&hellip;]<\/p>\n","protected":false},"author":1,"featured_media":0,"parent":0,"menu_order":0,"comment_status":"closed","ping_status":"closed","template":"","meta":{"footnotes":""},"class_list":["post-110","page","type-page","status-publish","hentry"],"_links":{"self":[{"href":"https:\/\/acooudon.fr\/wordpress\/wp-json\/wp\/v2\/pages\/110","targetHints":{"allow":["GET"]}}],"collection":[{"href":"https:\/\/acooudon.fr\/wordpress\/wp-json\/wp\/v2\/pages"}],"about":[{"href":"https:\/\/acooudon.fr\/wordpress\/wp-json\/wp\/v2\/types\/page"}],"author":[{"embeddable":true,"href":"https:\/\/acooudon.fr\/wordpress\/wp-json\/wp\/v2\/users\/1"}],"replies":[{"embeddable":true,"href":"https:\/\/acooudon.fr\/wordpress\/wp-json\/wp\/v2\/comments?post=110"}],"version-history":[{"count":15,"href":"https:\/\/acooudon.fr\/wordpress\/wp-json\/wp\/v2\/pages\/110\/revisions"}],"predecessor-version":[{"id":364,"href":"https:\/\/acooudon.fr\/wordpress\/wp-json\/wp\/v2\/pages\/110\/revisions\/364"}],"wp:attachment":[{"href":"https:\/\/acooudon.fr\/wordpress\/wp-json\/wp\/v2\/media?parent=110"}],"curies":[{"name":"wp","href":"https:\/\/api.w.org\/{rel}","templated":true}]}}