{"id":10,"date":"2026-02-14T12:30:29","date_gmt":"2026-02-14T11:30:29","guid":{"rendered":"http:\/\/localhost\/wordpress\/qui-sommes-nous-2\/"},"modified":"2026-05-12T20:31:59","modified_gmt":"2026-05-12T18:31:59","slug":"qui-sommes-nous-2","status":"publish","type":"page","link":"https:\/\/acooudon.fr\/wordpress\/","title":{"rendered":"Bienvenue \u00e0 l&rsquo;Athletic Club Oudon"},"content":{"rendered":"\n<h2 class=\"wp-block-heading has-text-align-center is-style-default\">L\u2019\u00e9nergie du sport pour garder la forme le plus longtemps possible.<\/h2>\n\n\n\n<p><\/p>\n\n\n\n<p><\/p>\n\n\n\n<p style=\"text-align:justify;\">L\u2019A.C.O. est une association sportive dynamique d\u00e9di\u00e9e \u00e0 la musculation, au renforcement musculaire et au cardio-training.<\/p>\n\n\n\n<p><\/p>\n\n\n\n<p style=\"text-align:justify;\">La municipalit\u00e9 d&rsquo;OUDON, par une convention, met \u00e0 disposition de l&rsquo;A.C.O. <a href=\"https:\/\/acooudon.fr\/wordpress\/la-salle\/\" data-type=\"page\" data-id=\"144\">une salle<\/a> privative tr\u00e8s lumineuse afin que nos adh\u00e9rents puissent disposer en toute libert\u00e9 du mat\u00e9riel de l&rsquo;association ind\u00e9pendamment des heures d&rsquo;ouverture du Complexe Sportif \u00ab\u00a0Jean Mathelier\u00a0\u00bb.<\/p>\n\n\n\n<p style=\"text-align:justify;\">A la diff\u00e9rence des autres salles de sports, nous ne disposons pas de salari\u00e9\/coach, ce qui implique une responsabilit\u00e9 de chacun sur l&rsquo;utilisation du mat\u00e9riel et la surveillance de sa sant\u00e9 propre. <\/p>\n\n\n\n<p style=\"text-align:justify;\">\u00c0 l\u2019A.C.O., vous trouverez, dans une ambiance conviviale et bienveillante:<\/p>\n\n\n\n<ul class=\"wp-block-list\">\n<li><p style=\"text-align:justify;\">Un espace \u00e9quip\u00e9 pour la musculation (machines guid\u00e9es, poids libres, bancs\u2026) et des \u00e9quipements d\u00e9di\u00e9s au cardio-training (tapis, v\u00e9los, elliptiques\u2026)<\/p><\/li>\n<\/ul>\n\n\n\n<ul class=\"wp-block-list\">\n<li>Des vestiaires avec douches et des toilettes.<\/li>\n\n\n\n<li><p style=\"text-align:justify;\">une documentation compl\u00e8te sur le fonctionnement des mat\u00e9riels, les mouvements et bonnes postures \u00e0 respecter.<\/p><\/li>\n<\/ul>\n\n\n\n<p><\/p>\n\n\n\n<p><\/p>\n","protected":false},"excerpt":{"rendered":"<p>L\u2019\u00e9nergie du sport pour garder la forme le plus longtemps possible. L\u2019A.C.O. est une association sportive dynamique d\u00e9di\u00e9e \u00e0 la musculation, au renforcement musculaire et au cardio-training. La municipalit\u00e9 d&rsquo;OUDON, par une convention, met \u00e0 disposition de l&rsquo;A.C.O. une salle privative tr\u00e8s lumineuse afin que nos adh\u00e9rents puissent disposer en toute libert\u00e9 du mat\u00e9riel de [&hellip;]<\/p>\n","protected":false},"author":1,"featured_media":384,"parent":0,"menu_order":0,"comment_status":"closed","ping_status":"closed","template":"","meta":{"footnotes":""},"class_list":["post-10","page","type-page","status-publish","has-post-thumbnail","hentry"],"_links":{"self":[{"href":"https:\/\/acooudon.fr\/wordpress\/wp-json\/wp\/v2\/pages\/10","targetHints":{"allow":["GET"]}}],"collection":[{"href":"https:\/\/acooudon.fr\/wordpress\/wp-json\/wp\/v2\/pages"}],"about":[{"href":"https:\/\/acooudon.fr\/wordpress\/wp-json\/wp\/v2\/types\/page"}],"author":[{"embeddable":true,"href":"https:\/\/acooudon.fr\/wordpress\/wp-json\/wp\/v2\/users\/1"}],"replies":[{"embeddable":true,"href":"https:\/\/acooudon.fr\/wordpress\/wp-json\/wp\/v2\/comments?post=10"}],"version-history":[{"count":31,"href":"https:\/\/acooudon.fr\/wordpress\/wp-json\/wp\/v2\/pages\/10\/revisions"}],"predecessor-version":[{"id":336,"href":"https:\/\/acooudon.fr\/wordpress\/wp-json\/wp\/v2\/pages\/10\/revisions\/336"}],"wp:featuredmedia":[{"embeddable":true,"href":"https:\/\/acooudon.fr\/wordpress\/wp-json\/wp\/v2\/media\/384"}],"wp:attachment":[{"href":"https:\/\/acooudon.fr\/wordpress\/wp-json\/wp\/v2\/media?parent=10"}],"curies":[{"name":"wp","href":"https:\/\/api.w.org\/{rel}","templated":true}]}}